{"id":415,"date":"2024-06-19T05:28:15","date_gmt":"2024-06-19T05:28:15","guid":{"rendered":"https:\/\/sludgedryingsystems.de\/?page_id=415"},"modified":"2025-09-30T07:42:40","modified_gmt":"2025-09-30T07:42:40","slug":"zur-verstaerkung-unseres-teams","status":"publish","type":"page","link":"https:\/\/sludgedryingsystems.de\/en\/zur-verstaerkung-unseres-teams\/","title":{"rendered":"Zur Verst\u00e4rkung unseres Teams suchen wir ab sofort:"},"content":{"rendered":"\n\n\n<br \/><p><strong>Ihre aussagekr\u00e4ftige Bewerbung senden Sie bitte an:<\/strong><\/p><br \/>\n\n\n\n<div class=\"wp-block-group is-vertical is-layout-flex wp-container-core-group-is-layout-8cf370e7 wp-block-group-is-layout-flex\">\n<p><strong>SDS Betriebs GmbH &amp; Co. KG<\/strong><\/p>\n\n\n\n<p><strong>Corina Kilian<\/strong><\/p>\n\n\n\n<p><strong>Von-Werthern-Stra\u00dfe 4<\/strong><\/p>\n\n\n\n<p><strong>96487 D\u00f6rfles-Esbach<\/strong><\/p>\n<\/div>\n\n\n\n<p><strong><a href=\"mailto:jobs@sds-trocknungssysteme.com\">jobs@sds-trocknungssysteme.com<\/a><\/strong><\/p>\n\n\n\n<p><\/p>\n\n\n\n<script type=\"application\/ld+json\">\n{\n  \"@context\": \"https:\/\/schema.org\",\n  \"@type\": \"JobPosting\",\n  \"title\": \"Elektroniker f\u00fcr Maschinen - und Antriebstechnik (m\/w\/d)\",\n  \"description\": \"T\u00e4tigkeitsbereich:\\nNeubau, Umbau, Wartung und Reparatur von Steuer-, Regel- und \u00dcberwachungseinrichtungen\\nSelbstst\u00e4ndiges Arbeiten nach E-Plan \u2013 Kabelplanung\\nDurchf\u00fchrung, unter Beachtung der einschl\u00e4gigen Vorschriften und Sicherheitsbestimmungen, von Installations- und Montagearbeiten an elektrischen Maschinen\\nMaschineninbetriebnahme\\n\\nPers\u00f6nliche Anforderungen:\\nAbschluss als Elektroniker f\u00fcr Maschinen- und Antriebstechnik \/ Elektromonteur, Weiterbildung zum Techniker oder vergleichbarer Abschluss\\nReisebereitschaft.\", \n  \"datePosted\": \"2024-12-05\",\n  \"validThrough\": \"2024-12-31\",\n  \"employmentType\": \"FULL_TIME\",\n  \"hiringOrganization\": {\n    \"@type\": \"Organization\",\n    \"name\": \"SDS Betriebs GmbH & Co. KG\",\n    \"sameAs\": \"https:\/\/sludgedryingsystems.de\/\",\n    \"logo\": \"https:\/\/sludgedryingsystems.de\/wp-content\/uploads\/2024\/04\/Logo.png\"\n  },\n  \"jobLocation\": {\n    \"@type\": \"Place\",\n    \"address\": {\n      \"@type\": \"PostalAddress\",  \n      \"streetAddress\": \"Von-Werthern-Stra\u00dfe 4\",\n      \"addressLocality\": \"D\u00f6rfles-Esbach\",\n      \"postalCode\": \"96487\",\n      \"addressCountry\": \"DE\"\n    }\n  },\n  \"qualifications\": \"Abschluss als Elektroniker f\u00fcr Maschinen- und Antriebstechnik \/ Elektromonteur, Weiterbildung zum Techniker oder vergleichbarer Abschluss. Reisebereitschaft erforderlich.\",\n  \"responsibilities\": \"Neubau, Umbau, Wartung und Reparatur von Steuer-, Regel- und \u00dcberwachungseinrichtungen. Selbstst\u00e4ndiges Arbeiten nach E-Plan \u2013 Kabelplanung. Durchf\u00fchrung von Installations- und Montagearbeiten an elektrischen Maschinen. Maschineninbetriebnahme unter Beachtung der einschl\u00e4gigen Vorschriften und Sicherheitsbestimmungen.\",\n  \"skills\": \"Kenntnisse in E-Plan und elektrischen Installationsarbeiten.\"\n}\n<\/script>\n","protected":false},"excerpt":{"rendered":"Ihre aussagekr\u00e4ftige Bewerbung senden Sie bitte an: SDS Betriebs GmbH &amp; Co. KG Corina Kilian Von-Werthern-Stra\u00dfe 4 96487 D\u00f6rfles-Esbach jobs@sds-trocknungssysteme.com","protected":false},"author":1,"featured_media":0,"parent":0,"menu_order":0,"comment_status":"closed","ping_status":"closed","template":"jobs.php","meta":{"inline_featured_image":false,"footnotes":""},"class_list":["post-415","page","type-page","status-publish","hentry"],"translation":{"provider":"WPGlobus","version":"2.12.2","language":"en","enabled_languages":["de","en"],"languages":{"de":{"title":true,"content":true,"excerpt":false},"en":{"title":false,"content":false,"excerpt":false}}},"acf":[],"yoast_head":"<!-- This site is optimized with the Yoast SEO plugin v21.3 - https:\/\/yoast.com\/wordpress\/plugins\/seo\/ -->\n<title>Zur Verst\u00e4rkung unseres Teams suchen wir ab sofort: - SludgeDryingSystems<\/title>\n<meta name=\"robots\" content=\"index, follow, max-snippet:-1, max-image-preview:large, max-video-preview:-1\" \/>\n<link rel=\"canonical\" href=\"https:\/\/sludgedryingsystems.de\/zur-verstaerkung-unseres-teams\/\" \/>\n<meta property=\"og:locale\" content=\"en_US\" \/>\n<meta property=\"og:type\" content=\"article\" \/>\n<meta property=\"og:title\" content=\"Zur Verst\u00e4rkung unseres Teams suchen wir ab sofort: - SludgeDryingSystems\" \/>\n<meta property=\"og:url\" content=\"https:\/\/sludgedryingsystems.de\/zur-verstaerkung-unseres-teams\/\" \/>\n<meta property=\"og:site_name\" content=\"SludgeDryingSystems\" \/>\n<meta property=\"article:modified_time\" content=\"2025-09-30T07:42:40+00:00\" \/>\n<meta name=\"twitter:card\" content=\"summary_large_image\" \/>\n<meta name=\"twitter:label1\" content=\"Est. reading time\" \/>\n\t<meta name=\"twitter:data1\" content=\"1 minute\" \/>\n<script type=\"application\/ld+json\" class=\"yoast-schema-graph\">{\"@context\":\"https:\/\/schema.org\",\"@graph\":[{\"@type\":\"WebPage\",\"@id\":\"https:\/\/sludgedryingsystems.de\/zur-verstaerkung-unseres-teams\/\",\"url\":\"https:\/\/sludgedryingsystems.de\/zur-verstaerkung-unseres-teams\/\",\"name\":\"Zur Verst\u00e4rkung unseres Teams suchen wir ab sofort: - SludgeDryingSystems\",\"isPartOf\":{\"@id\":\"https:\/\/sludgedryingsystems.de\/#website\"},\"datePublished\":\"2024-06-19T05:28:15+00:00\",\"dateModified\":\"2025-09-30T07:42:40+00:00\",\"breadcrumb\":{\"@id\":\"https:\/\/sludgedryingsystems.de\/zur-verstaerkung-unseres-teams\/#breadcrumb\"},\"inLanguage\":\"en-US\",\"potentialAction\":[{\"@type\":\"ReadAction\",\"target\":[\"https:\/\/sludgedryingsystems.de\/zur-verstaerkung-unseres-teams\/\"]}]},{\"@type\":\"BreadcrumbList\",\"@id\":\"https:\/\/sludgedryingsystems.de\/zur-verstaerkung-unseres-teams\/#breadcrumb\",\"itemListElement\":[{\"@type\":\"ListItem\",\"position\":1,\"name\":\"Home\",\"item\":\"https:\/\/sludgedryingsystems.de\/\"},{\"@type\":\"ListItem\",\"position\":2,\"name\":\"Zur Verst\u00e4rkung unseres Teams suchen wir ab sofort:\"}]},{\"@type\":\"WebSite\",\"@id\":\"https:\/\/sludgedryingsystems.de\/#website\",\"url\":\"https:\/\/sludgedryingsystems.de\/\",\"name\":\"SludgeDryingSystems\",\"description\":\"\",\"potentialAction\":[{\"@type\":\"SearchAction\",\"target\":{\"@type\":\"EntryPoint\",\"urlTemplate\":\"https:\/\/sludgedryingsystems.de\/?s={search_term_string}\"},\"query-input\":\"required name=search_term_string\"}],\"inLanguage\":\"en-US\"}]}<\/script>\n<!-- \/ Yoast SEO plugin. -->","yoast_head_json":{"title":"Zur Verst\u00e4rkung unseres Teams suchen wir ab sofort: - SludgeDryingSystems","robots":{"index":"index","follow":"follow","max-snippet":"max-snippet:-1","max-image-preview":"max-image-preview:large","max-video-preview":"max-video-preview:-1"},"canonical":"https:\/\/sludgedryingsystems.de\/zur-verstaerkung-unseres-teams\/","og_locale":"en_US","og_type":"article","og_title":"Zur Verst\u00e4rkung unseres Teams suchen wir ab sofort: - SludgeDryingSystems","og_url":"https:\/\/sludgedryingsystems.de\/zur-verstaerkung-unseres-teams\/","og_site_name":"SludgeDryingSystems","article_modified_time":"2025-09-30T07:42:40+00:00","twitter_card":"summary_large_image","twitter_misc":{"Est. reading time":"1 minute"},"schema":{"@context":"https:\/\/schema.org","@graph":[{"@type":"WebPage","@id":"https:\/\/sludgedryingsystems.de\/zur-verstaerkung-unseres-teams\/","url":"https:\/\/sludgedryingsystems.de\/zur-verstaerkung-unseres-teams\/","name":"Zur Verst\u00e4rkung unseres Teams suchen wir ab sofort: - SludgeDryingSystems","isPartOf":{"@id":"https:\/\/sludgedryingsystems.de\/#website"},"datePublished":"2024-06-19T05:28:15+00:00","dateModified":"2025-09-30T07:42:40+00:00","breadcrumb":{"@id":"https:\/\/sludgedryingsystems.de\/zur-verstaerkung-unseres-teams\/#breadcrumb"},"inLanguage":"en-US","potentialAction":[{"@type":"ReadAction","target":["https:\/\/sludgedryingsystems.de\/zur-verstaerkung-unseres-teams\/"]}]},{"@type":"BreadcrumbList","@id":"https:\/\/sludgedryingsystems.de\/zur-verstaerkung-unseres-teams\/#breadcrumb","itemListElement":[{"@type":"ListItem","position":1,"name":"Home","item":"https:\/\/sludgedryingsystems.de\/"},{"@type":"ListItem","position":2,"name":"Zur Verst\u00e4rkung unseres Teams suchen wir ab sofort:"}]},{"@type":"WebSite","@id":"https:\/\/sludgedryingsystems.de\/#website","url":"https:\/\/sludgedryingsystems.de\/","name":"SludgeDryingSystems","description":"","potentialAction":[{"@type":"SearchAction","target":{"@type":"EntryPoint","urlTemplate":"https:\/\/sludgedryingsystems.de\/?s={search_term_string}"},"query-input":"required name=search_term_string"}],"inLanguage":"en-US"}]}},"_links":{"self":[{"href":"https:\/\/sludgedryingsystems.de\/en\/wp-json\/wp\/v2\/pages\/415","targetHints":{"allow":["GET"]}}],"collection":[{"href":"https:\/\/sludgedryingsystems.de\/en\/wp-json\/wp\/v2\/pages"}],"about":[{"href":"https:\/\/sludgedryingsystems.de\/en\/wp-json\/wp\/v2\/types\/page"}],"author":[{"embeddable":true,"href":"https:\/\/sludgedryingsystems.de\/en\/wp-json\/wp\/v2\/users\/1"}],"replies":[{"embeddable":true,"href":"https:\/\/sludgedryingsystems.de\/en\/wp-json\/wp\/v2\/comments?post=415"}],"version-history":[{"count":19,"href":"https:\/\/sludgedryingsystems.de\/en\/wp-json\/wp\/v2\/pages\/415\/revisions"}],"predecessor-version":[{"id":597,"href":"https:\/\/sludgedryingsystems.de\/en\/wp-json\/wp\/v2\/pages\/415\/revisions\/597"}],"wp:attachment":[{"href":"https:\/\/sludgedryingsystems.de\/en\/wp-json\/wp\/v2\/media?parent=415"}],"curies":[{"name":"wp","href":"https:\/\/api.w.org\/{rel}","templated":true}]}}